{"id":3768,"date":"2024-12-04T11:41:24","date_gmt":"2024-12-04T09:41:24","guid":{"rendered":"https:\/\/haugen-gruppen.pro\/?page_id=3768"},"modified":"2024-12-04T11:44:57","modified_gmt":"2024-12-04T09:44:57","slug":"torsleffs-leipomotuotteet","status":"publish","type":"page","link":"https:\/\/haugen-gruppen.pro\/en\/torsleffs-leipomotuotteet\/","title":{"rendered":"T\u00f8rsleffs-leipomotuotteet"},"content":{"rendered":"<div data-elementor-type=\"wp-page\" data-elementor-id=\"3768\" class=\"elementor elementor-3768\" data-elementor-post-type=\"page\">\n\t\t\t\t\t\t<section class=\"elementor-section elementor-top-section elementor-element elementor-element-cd75ac1 elementor-section-height-min-height elementor-section-stretched elementor-section-boxed elementor-section-height-default elementor-section-items-middle\" data-id=\"cd75ac1\" data-element_type=\"section\" data-e-type=\"section\" data-settings=\"{&quot;background_background&quot;:&quot;classic&quot;,&quot;stretch_section&quot;:&quot;section-stretched&quot;}\">\n\t\t\t\t\t\t\t<div class=\"elementor-background-overlay\"><\/div>\n\t\t\t\t\t\t\t<div class=\"elementor-container elementor-column-gap-default\">\n\t\t\t\t\t<div class=\"elementor-column elementor-col-50 elementor-top-column elementor-element elementor-element-9dc0fbd\" data-id=\"9dc0fbd\" data-element_type=\"column\" data-e-type=\"column\">\n\t\t\t<div class=\"elementor-widget-wrap elementor-element-populated\">\n\t\t\t\t\t\t<div class=\"elementor-element elementor-element-b2e8c69 elementor-widget elementor-widget-heading\" data-id=\"b2e8c69\" data-element_type=\"widget\" data-e-type=\"widget\" data-widget_type=\"heading.default\">\n\t\t\t\t<div class=\"elementor-widget-container\">\n\t\t\t\t\t<h1 class=\"elementor-heading-title elementor-size-default\">Tilaa T\u00f8rsleffs-leipomotuotteet n\u00e4yte\u200b<\/h1>\t\t\t\t<\/div>\n\t\t\t\t<\/div>\n\t\t\t\t\t<\/div>\n\t\t<\/div>\n\t\t\t\t<div class=\"elementor-column elementor-col-50 elementor-top-column elementor-element elementor-element-1750281\" data-id=\"1750281\" data-element_type=\"column\" data-e-type=\"column\" data-settings=\"{&quot;background_background&quot;:&quot;classic&quot;}\">\n\t\t\t<div class=\"elementor-widget-wrap\">\n\t\t\t\t\t\t\t<\/div>\n\t\t<\/div>\n\t\t\t\t\t<\/div>\n\t\t<\/section>\n\t\t\t\t<section class=\"elementor-section elementor-top-section elementor-element elementor-element-71b36b5 elementor-section-boxed elementor-section-height-default elementor-section-height-default\" data-id=\"71b36b5\" data-element_type=\"section\" data-e-type=\"section\">\n\t\t\t\t\t\t<div class=\"elementor-container elementor-column-gap-default\">\n\t\t\t\t\t<div class=\"elementor-column elementor-col-50 elementor-top-column elementor-element elementor-element-ac5d12f\" data-id=\"ac5d12f\" data-element_type=\"column\" data-e-type=\"column\">\n\t\t\t<div class=\"elementor-widget-wrap elementor-element-populated\">\n\t\t\t\t\t\t<div class=\"elementor-element elementor-element-13ee3b9 elementor-widget elementor-widget-heading\" data-id=\"13ee3b9\" data-element_type=\"widget\" data-e-type=\"widget\" data-widget_type=\"heading.default\">\n\t\t\t\t<div class=\"elementor-widget-container\">\n\t\t\t\t\t<h2 class=\"elementor-heading-title elementor-size-default\">Tilaa T\u00f8rsleffs-leipomotuotteet n\u00e4yte<\/h2>\t\t\t\t<\/div>\n\t\t\t\t<\/div>\n\t\t\t\t\t<\/div>\n\t\t<\/div>\n\t\t\t\t<div class=\"elementor-column elementor-col-50 elementor-top-column elementor-element elementor-element-818956e\" data-id=\"818956e\" data-element_type=\"column\" data-e-type=\"column\">\n\t\t\t<div class=\"elementor-widget-wrap elementor-element-populated\">\n\t\t\t\t\t\t<div class=\"elementor-element elementor-element-bdc798d elementor-widget elementor-widget-text-editor\" data-id=\"bdc798d\" data-element_type=\"widget\" data-e-type=\"widget\" data-widget_type=\"text-editor.default\">\n\t\t\t\t<div class=\"elementor-widget-container\">\n\t\t\t\t\t\t\t\t\t<h4>T\u00f8rsleffs-leipomotuotteet<\/h4><p><span style=\"font-weight: 400;\"><br \/>T\u00f8rsleffs-leipomotuotteet on kehitetty ammattikeitti\u00f6iden tarpeisiin tarjoten <\/span>korkealaatuisia ja luotettavia tuotteita kilpailukykyiseen hintaan. Jo 1920-luvulta l\u00e4htien T\u00f8rsleffs on ollut t\u00e4rke\u00e4 osa tanskalaisia keitti\u00f6it\u00e4 ja jatkuvasti kehitt\u00e4nyt uusia tuotteita, jotka vastaavat nykyp\u00e4iv\u00e4n ammattikeitti\u00f6iden tarpeisiin ja trendeihin, samalla kunnioittaen leivontaperinteit\u00e4. T\u00f8rsleffsin tavoite on tehd\u00e4 leivonnasta hauskempaa, s\u00e4il\u00f6nn\u00e4st\u00e4 helpompaa ja j\u00e4lkiruuista kauniimpia.<\/p><p><a href=\"https:\/\/haugen-gruppen.co\/torsleffs-leipomotuotteet\/#torsleffs-leipomotuotteet\/1\" target=\"_blank\" rel=\"noopener\"><img fetchpriority=\"high\" decoding=\"async\" class=\"alignnone wp-image-3758 size-medium\" src=\"https:\/\/haugen-gruppen.pro\/wp-content\/uploads\/2024\/11\/Haugengruppen-leipomotuotteet-210x300.jpg\" alt=\"\" width=\"210\" height=\"300\" srcset=\"https:\/\/haugen-gruppen.pro\/wp-content\/uploads\/2024\/11\/Haugengruppen-leipomotuotteet-210x300.jpg 210w, https:\/\/haugen-gruppen.pro\/wp-content\/uploads\/2024\/11\/Haugengruppen-leipomotuotteet-8x12.jpg 8w, https:\/\/haugen-gruppen.pro\/wp-content\/uploads\/2024\/11\/Haugengruppen-leipomotuotteet.jpg 584w\" sizes=\"(max-width: 210px) 100vw, 210px\" \/><\/a><\/p>\t\t\t\t\t\t\t\t<\/div>\n\t\t\t\t<\/div>\n\t\t\t\t\t<\/div>\n\t\t<\/div>\n\t\t\t\t\t<\/div>\n\t\t<\/section>\n\t\t\t\t<section class=\"elementor-section elementor-top-section elementor-element elementor-element-4cf5d95 elementor-section-boxed elementor-section-height-default elementor-section-height-default\" data-id=\"4cf5d95\" data-element_type=\"section\" data-e-type=\"section\">\n\t\t\t\t\t\t<div class=\"elementor-container elementor-column-gap-default\">\n\t\t\t\t\t<div class=\"elementor-column elementor-col-100 elementor-top-column elementor-element elementor-element-3f4ef38\" data-id=\"3f4ef38\" data-element_type=\"column\" data-e-type=\"column\">\n\t\t\t<div class=\"elementor-widget-wrap\">\n\t\t\t\t\t\t\t<\/div>\n\t\t<\/div>\n\t\t\t\t\t<\/div>\n\t\t<\/section>\n\t\t\t\t<\/div>","protected":false},"excerpt":{"rendered":"<p>Tilaa T\u00f8rsleffs-leipomotuotteet n\u00e4yte\u200b Tilaa T\u00f8rsleffs-leipomotuotteet n\u00e4yte T\u00f8rsleffs-leipomotuotteet T\u00f8rsleffs-leipomotuotteet on kehitetty ammattikeitti\u00f6iden tarpeisiin tarjoten korkealaatuisia ja luotettavia tuotteita kilpailukykyiseen hintaan. Jo 1920-luvulta l\u00e4htien T\u00f8rsleffs on ollut t\u00e4rke\u00e4 osa tanskalaisia keitti\u00f6it\u00e4 ja jatkuvasti kehitt\u00e4nyt uusia tuotteita, jotka vastaavat nykyp\u00e4iv\u00e4n ammattikeitti\u00f6iden tarpeisiin ja trendeihin, samalla kunnioittaen leivontaperinteit\u00e4. T\u00f8rsleffsin tavoite on tehd\u00e4 leivonnasta hauskempaa, s\u00e4il\u00f6nn\u00e4st\u00e4 helpompaa ja j\u00e4lkiruuista kauniimpia.<\/p>","protected":false},"author":2,"featured_media":0,"parent":0,"menu_order":0,"comment_status":"closed","ping_status":"closed","template":"elementor_header_footer","meta":{"site-sidebar-layout":"no-sidebar","site-content-layout":"page-builder","ast-site-content-layout":"","site-content-style":"default","site-sidebar-style":"default","ast-global-header-display":"","ast-banner-title-visibility":"","ast-main-header-display":"","ast-hfb-above-header-display":"","ast-hfb-below-header-display":"","ast-hfb-mobile-header-display":"","site-post-title":"disabled","ast-breadcrumbs-content":"","ast-featured-img":"disabled","footer-sml-layout":"","theme-transparent-header-meta":"","adv-header-id-meta":"","stick-header-meta":"","header-above-stick-meta":"","header-main-stick-meta":"","header-below-stick-meta":"","astra-migrate-meta-layouts":"default","ast-page-background-enabled":"default","ast-page-background-meta":{"desktop":{"background-color":"var(--ast-global-color-4)","background-image":"","background-repeat":"repeat","background-position":"center center","background-size":"auto","background-attachment":"scroll","background-type":"","background-media":"","overlay-type":"","overlay-color":"","overlay-opacity":"","overlay-gradient":""},"tablet":{"background-color":"","background-image":"","background-repeat":"repeat","background-position":"center center","background-size":"auto","background-attachment":"scroll","background-type":"","background-media":"","overlay-type":"","overlay-color":"","overlay-opacity":"","overlay-gradient":""},"mobile":{"background-color":"","background-image":"","background-repeat":"repeat","background-position":"center center","background-size":"auto","background-attachment":"scroll","background-type":"","background-media":"","overlay-type":"","overlay-color":"","overlay-opacity":"","overlay-gradient":""}},"ast-content-background-meta":{"desktop":{"background-color":"var(--ast-global-color-5)","background-image":"","background-repeat":"repeat","background-position":"center center","background-size":"auto","background-attachment":"scroll","background-type":"","background-media":"","overlay-type":"","overlay-color":"","overlay-opacity":"","overlay-gradient":""},"tablet":{"background-color":"var(--ast-global-color-5)","background-image":"","background-repeat":"repeat","background-position":"center center","background-size":"auto","background-attachment":"scroll","background-type":"","background-media":"","overlay-type":"","overlay-color":"","overlay-opacity":"","overlay-gradient":""},"mobile":{"background-color":"var(--ast-global-color-5)","background-image":"","background-repeat":"repeat","background-position":"center center","background-size":"auto","background-attachment":"scroll","background-type":"","background-media":"","overlay-type":"","overlay-color":"","overlay-opacity":"","overlay-gradient":""}},"footnotes":""},"class_list":["post-3768","page","type-page","status-publish","hentry"],"_links":{"self":[{"href":"https:\/\/haugen-gruppen.pro\/en\/wp-json\/wp\/v2\/pages\/3768","targetHints":{"allow":["GET"]}}],"collection":[{"href":"https:\/\/haugen-gruppen.pro\/en\/wp-json\/wp\/v2\/pages"}],"about":[{"href":"https:\/\/haugen-gruppen.pro\/en\/wp-json\/wp\/v2\/types\/page"}],"author":[{"embeddable":true,"href":"https:\/\/haugen-gruppen.pro\/en\/wp-json\/wp\/v2\/users\/2"}],"replies":[{"embeddable":true,"href":"https:\/\/haugen-gruppen.pro\/en\/wp-json\/wp\/v2\/comments?post=3768"}],"version-history":[{"count":8,"href":"https:\/\/haugen-gruppen.pro\/en\/wp-json\/wp\/v2\/pages\/3768\/revisions"}],"predecessor-version":[{"id":3776,"href":"https:\/\/haugen-gruppen.pro\/en\/wp-json\/wp\/v2\/pages\/3768\/revisions\/3776"}],"wp:attachment":[{"href":"https:\/\/haugen-gruppen.pro\/en\/wp-json\/wp\/v2\/media?parent=3768"}],"curies":[{"name":"wp","href":"https:\/\/api.w.org\/{rel}","templated":true}]}}